{"id":805,"date":"2022-12-07T10:51:34","date_gmt":"2022-12-07T13:51:34","guid":{"rendered":"https:\/\/jupi.pe.leg.br\/v3\/?page_id=805"},"modified":"2022-12-07T10:54:11","modified_gmt":"2022-12-07T13:54:11","slug":"fale-conosco","status":"publish","type":"page","link":"https:\/\/jupi.pe.leg.br\/v3\/fale-conosco\/","title":{"rendered":"Fale Conosco"},"content":{"rendered":"<p>.<\/p>\n<h3>Atendimento Presencial<\/h3>\n<p>Hor\u00e1rio de atendimento ao P\u00fablico<br \/>\nSegunda a sexta-feira 08h \u00e0s 13h<\/p>\n<p>Av. Napole\u00e3o Teixeira Lima, s\/n<br \/>\n55.395-000, Centro \/ Jupi &#8211; PE<\/p>\n<p><strong>Telefone:<\/strong> (87) 3779.1167<\/p>\n<p>&nbsp;<\/p>\n<p>Seu atendimento poder\u00e1 ser solicitado tamb\u00e9m via email<\/p>\n<p><strong>camarajupi@gmail.com<\/strong><\/p>\n<p>&nbsp;<\/p>\n<p>&nbsp;<\/p>\n","protected":false},"excerpt":{"rendered":"<p>. Atendimento Presencial Hor\u00e1rio de atendimento ao P\u00fablico Segunda a sexta-feira 08h \u00e0s 13h Av. Napole\u00e3o Teixeira Lima, s\/n 55.395-000, Centro \/ Jupi &#8211; PE Telefone: (87) 3779.1167 &nbsp; Seu atendimento poder\u00e1 ser solicitado tamb\u00e9m via email camarajupi@gmail.com &nbsp; &nbsp;<\/p>\n","protected":false},"author":2,"featured_media":0,"parent":0,"menu_order":0,"comment_status":"closed","ping_status":"closed","template":"","meta":{"_acf_changed":false,"footnotes":""},"class_list":["post-805","page","type-page","status-publish","hentry","active"],"acf":[],"_links":{"self":[{"href":"https:\/\/jupi.pe.leg.br\/v3\/wp-json\/wp\/v2\/pages\/805","targetHints":{"allow":["GET"]}}],"collection":[{"href":"https:\/\/jupi.pe.leg.br\/v3\/wp-json\/wp\/v2\/pages"}],"about":[{"href":"https:\/\/jupi.pe.leg.br\/v3\/wp-json\/wp\/v2\/types\/page"}],"author":[{"embeddable":true,"href":"https:\/\/jupi.pe.leg.br\/v3\/wp-json\/wp\/v2\/users\/2"}],"replies":[{"embeddable":true,"href":"https:\/\/jupi.pe.leg.br\/v3\/wp-json\/wp\/v2\/comments?post=805"}],"version-history":[{"count":0,"href":"https:\/\/jupi.pe.leg.br\/v3\/wp-json\/wp\/v2\/pages\/805\/revisions"}],"wp:attachment":[{"href":"https:\/\/jupi.pe.leg.br\/v3\/wp-json\/wp\/v2\/media?parent=805"}],"curies":[{"name":"wp","href":"https:\/\/api.w.org\/{rel}","templated":true}]}}