{"id":350,"date":"2020-04-15T08:10:22","date_gmt":"2020-04-15T11:10:22","guid":{"rendered":"https:\/\/jupi.pe.leg.br\/v3\/?page_id=350"},"modified":"2021-05-04T11:33:18","modified_gmt":"2021-05-04T14:33:18","slug":"a-camara","status":"publish","type":"page","link":"https:\/\/jupi.pe.leg.br\/v3\/a-camara\/","title":{"rendered":"A C\u00c2MARA"},"content":{"rendered":"\r\n<div class=\"wp-block-image\">\r\n<figure class=\"alignleft size-large is-resized\"><img loading=\"lazy\" decoding=\"async\" class=\"img-fluid wp-image-331\" src=\"https:\/\/jupi.pe.leg.br\/v3\/wp-content\/uploads\/2020\/04\/brasao.png\" alt=\"\" width=\"217\" height=\"216\" srcset=\"https:\/\/jupi.pe.leg.br\/v3\/wp-content\/uploads\/2020\/04\/brasao.png 366w, https:\/\/jupi.pe.leg.br\/v3\/wp-content\/uploads\/2020\/04\/brasao-300x300.png 300w, https:\/\/jupi.pe.leg.br\/v3\/wp-content\/uploads\/2020\/04\/brasao-150x150.png 150w\" sizes=\"auto, (max-width: 217px) 100vw, 217px\" \/><\/figure>\r\n<\/div>\r\n\r\n\r\n\r\n<p>O Poder Legislativo \u00e9 exercido pela C\u00e2mara Municipal que tem fun\u00e7\u00f5es legislativas, de fiscaliza\u00e7\u00e3o financeira e de controle externo do Executivo, de julgamento pol\u00edtico-administrativo, desempenhando ainda as atribui\u00e7\u00f5es que lhe s\u00e3o pr\u00f3prias, atinentes \u00e0 gest\u00e3o dos assuntos de sua economia interna.<\/p>\r\n\r\n\r\n\r\n<p><em><strong>A C\u00e2mara Municipal de Jupi<\/strong><\/em> tem sua Sede no pr\u00e9dio situado \u00e0 Rua Napole\u00e3o Teixeira de Lima, 144, Centro, Jupi, Pernambuco, tendo o seu patrono, com a denomina\u00e7\u00e3o de \u201cCasa Zulmiro Guilherme\u201d.<\/p>\r\n\r\n\r\n\r\n<p><em><strong><a href=\"https:\/\/jupi.pe.leg.br\/v3\/wp-content\/uploads\/2020\/04\/Regimento_Interno_Camara-Municipal-Jupi-PE.pdf\" target=\"_blank\" rel=\"noreferrer noopener\" aria-label=\"DOWNLOAD DO REGIMENTO INTERNO DESTA CASA (abre numa nova aba)\">DOWNLOAD DO REGIMENTO INTERNO DESTA CASA<\/a><\/strong><\/em><\/p>\r\n","protected":false},"excerpt":{"rendered":"<p>O Poder Legislativo \u00e9 exercido pela C\u00e2mara Municipal que tem fun\u00e7\u00f5es legislativas, de fiscaliza\u00e7\u00e3o financeira e de controle externo do Executivo, de julgamento pol\u00edtico-administrativo, desempenhando ainda as atribui\u00e7\u00f5es que lhe s\u00e3o pr\u00f3prias, atinentes \u00e0 gest\u00e3o dos assuntos de sua economia <a class=\"leiamais\" href=\"https:\/\/jupi.pe.leg.br\/v3\/a-camara\/\">VER MAIS <i class=\"fa-solid fa-chevron-right\"><\/i><\/a><\/p>\n","protected":false},"author":2,"featured_media":0,"parent":0,"menu_order":0,"comment_status":"closed","ping_status":"closed","template":"","meta":{"_acf_changed":false,"footnotes":""},"class_list":["post-350","page","type-page","status-publish","hentry","active"],"acf":[],"_links":{"self":[{"href":"https:\/\/jupi.pe.leg.br\/v3\/wp-json\/wp\/v2\/pages\/350","targetHints":{"allow":["GET"]}}],"collection":[{"href":"https:\/\/jupi.pe.leg.br\/v3\/wp-json\/wp\/v2\/pages"}],"about":[{"href":"https:\/\/jupi.pe.leg.br\/v3\/wp-json\/wp\/v2\/types\/page"}],"author":[{"embeddable":true,"href":"https:\/\/jupi.pe.leg.br\/v3\/wp-json\/wp\/v2\/users\/2"}],"replies":[{"embeddable":true,"href":"https:\/\/jupi.pe.leg.br\/v3\/wp-json\/wp\/v2\/comments?post=350"}],"version-history":[{"count":0,"href":"https:\/\/jupi.pe.leg.br\/v3\/wp-json\/wp\/v2\/pages\/350\/revisions"}],"wp:attachment":[{"href":"https:\/\/jupi.pe.leg.br\/v3\/wp-json\/wp\/v2\/media?parent=350"}],"curies":[{"name":"wp","href":"https:\/\/api.w.org\/{rel}","templated":true}]}}